{"id":115,"date":"2015-03-04T17:45:46","date_gmt":"2015-03-04T17:45:46","guid":{"rendered":"http:\/\/ignacioborrego.com\/?page_id=115"},"modified":"2018-02-27T11:14:10","modified_gmt":"2018-02-27T11:14:10","slug":"colaboratorio","status":"publish","type":"page","link":"https:\/\/ignacioborrego.com\/es\/investigacion\/colaboratorio\/","title":{"rendered":"CoLab MADRID"},"content":{"rendered":"<p><\/p>\n<h4>CoLab Madrid<\/h4>\n<p>CoLab Madrid (CoLaboratorio) es una l\u00ednea de investigaci\u00f3n dentro del Grupo de Investigaci\u00f3n Prolab (Universidad Polit\u00e9cnica de Madrid), cuyo objetivo es investigar las transferencias que pueden existir entre las<em><strong> estrategias proyectuales<\/strong><\/em> y los nuevos procesos de dise\u00f1o empleados en la <em><strong>industria<\/strong><\/em> contempor\u00e1nea.<\/p>\n<p>El CoLaboratorio explora el <em><strong>trabajo colectivo<\/strong><\/em> a trav\u00e9s de la realizaci\u00f3n de un <em><strong>modelo colaborativo<\/strong><\/em>.<br \/>\nEste trabajo se enmarca dentro del Grupo de Investigaci\u00f3n PROLAB Laboratorio de Investigaci\u00f3n del Proyecto Contemporaneo.<\/p>\n<p><a href=\"http:\/\/colaboratorio.eu\/Public_html\/FabLab_UPM\/\" target=\"_blank\" rel=\"noopener\"><img loading=\"lazy\" class=\"alignnone wp-image-1372\" src=\"http:\/\/ignacioborrego.com\/wp-content\/uploads\/2018\/02\/180222-Logo-Colab-251-1.jpg\" alt=\"\" width=\"214\" height=\"214\" srcset=\"https:\/\/ignacioborrego.com\/wp-content\/uploads\/2018\/02\/180222-Logo-Colab-251-1.jpg 2121w, https:\/\/ignacioborrego.com\/wp-content\/uploads\/2018\/02\/180222-Logo-Colab-251-1-150x150.jpg 150w, https:\/\/ignacioborrego.com\/wp-content\/uploads\/2018\/02\/180222-Logo-Colab-251-1-300x300.jpg 300w, https:\/\/ignacioborrego.com\/wp-content\/uploads\/2018\/02\/180222-Logo-Colab-251-1-768x768.jpg 768w, https:\/\/ignacioborrego.com\/wp-content\/uploads\/2018\/02\/180222-Logo-Colab-251-1-1024x1024.jpg 1024w\" sizes=\"(max-width: 214px) 100vw, 214px\" \/><\/a><\/p>\n<p><strong>CoLaboradores fundadores:<\/strong> Almudena Ribot, Ignacio Borrego, Javier Garc\u00eda-Germ\u00e1n y Diego Garc\u00eda-Seti\u00e9n<\/p>\n<p><strong>CoLaboradores asistentes:<\/strong> Elena Cuerda, Luc\u00eda Lucas, Pablo Castrillo, Marian Albarr\u00e1n, Daniel Garc\u00eda, David P\u00e9rez, Borja G\u00f3mez, Enrique Llatas<br \/>\n<strong>CoLaboradores Fab Lab CoLab:<\/strong> Ignacio Prieto, Daniel Garc\u00eda<br \/>\n<strong>CoLaboradores invitados:<\/strong> Sergio Del Castillo y Mar\u00eda Hern\u00e1ndez, Manuel Collado, Jaime Espinosa, Rodrigo Garc\u00eda, Jos\u00e9 Miguel De Prada, Areti Markopoulou, Fernando Altozano y Sebasti\u00e1n Severino, Jos\u00e9 Ru\u00edz- Esquiroz, Pablo S\u00e1iz,<br \/>\n<strong>CoLaboradores:<\/strong> Alberto Abia, Miguel Beloqui, Antx\u00f3n C\u00e1novas, Alejandro Gonz\u00e1lez, Carlos Hern\u00e1ndez, Arturo Jover, Luc\u00eda Lucas, Patxi Mart\u00edn, Hector Navarro, Ignacio Prieto, Alba Rodr\u00edguez, Manuel Romero<br \/>\nArancha Saiz, Daniel Bas, Irene Botas, Pablo Castrillo, M\u00aa Luisa de Miguel, Jon Espinosa, Guillermo Fern\u00e1ndez, Blanca Guti\u00e9rrez, Ursicino e Ns\u00e9, Olalla Pi\u00f1eiro, Carlos Ramos, Marta Torres<\/p>\n<h4>PUBLICACIONES<\/h4>\n<p><a href=\"http:\/\/ignacioborrego.com\/wp-content\/uploads\/publicacionescolaboratorio\/CoLaboratorio1CoLaboratorioetsam2009.pdf\" target=\"_blank\" rel=\"noopener\">CoLaboratorio 1 \u2013 colaboratorioetsam 2009 <\/a>(pdf)<br \/>\n<a href=\"http:\/\/ignacioborrego.com\/wp-content\/uploads\/publicacionescolaboratorio\/CoLaboratorio2CoLaboratorio2011.pdf\" target=\"_blank\" rel=\"noopener\">CoLaboratorio 2 &#8211; CoLaboratorio2011 <\/a>(pdf)<br \/>\n<a href=\"http:\/\/ignacioborrego.com\/wp-content\/uploads\/publicacionescolaboratorio\/CoLaboratorio3M30.pdf\" target=\"_blank\" rel=\"noopener\">CoLaboratorio 3 &#8211; M30 <\/a>(pdf)<br \/>\n<a href=\"http:\/\/ignacioborrego.com\/wp-content\/uploads\/publicacionescolaboratorio\/CoLaboratorio4LaVidainstrucciones de uso.pdf\" target=\"_blank\" rel=\"noopener\">CoLaboratorio 4 &#8211; La Vida instrucciones de uso <\/a>(pdf)<br \/>\n<a href=\"http:\/\/ignacioborrego.com\/wp-content\/uploads\/publicacionescolaboratorio\/CoLaboratorio5Fabricaci\u00f3ndigitalyarquitecturascolaborativas.pdf\" target=\"_blank\" rel=\"noopener\">CoLaboratorio 5 &#8211; Fabricaci\u00f3n digital y arquitecturas colaborativas <\/a>(pdf)<br \/>\nCoLaboratorio 6 \u2013 Open Building 2.0 (en preparaci\u00f3n)<\/p>","protected":false},"excerpt":{"rendered":"<p>CoLab Madrid CoLab Madrid (CoLaboratorio) es una l\u00ednea de investigaci\u00f3n dentro del Grupo de Investigaci\u00f3n Prolab (Universidad Polit\u00e9cnica de Madrid), cuyo objetivo es investigar las transferencias que pueden existir entre las estrategias proyectuales y los nuevos procesos de dise\u00f1o empleados en la industria contempor\u00e1nea. El CoLaboratorio explora el trabajo colectivo a trav\u00e9s de la realizaci\u00f3n [&hellip;]<\/p>\n","protected":false},"author":1,"featured_media":1403,"parent":49,"menu_order":0,"comment_status":"open","ping_status":"open","template":"","meta":[],"yoast_head":"<!-- This site is optimized with the Yoast SEO plugin v15.9.2 - https:\/\/yoast.com\/wordpress\/plugins\/seo\/ -->\n<title>COLABORATORY - IGNACIO BORREGO<\/title>\n<meta name=\"description\" content=\"COLABORATORY - IGNACIO BORREGO\" \/>\n<meta name=\"robots\" content=\"index, follow, max-snippet:-1, max-image-preview:large, max-video-preview:-1\" \/>\n<link rel=\"canonical\" href=\"https:\/\/ignacioborrego.com\/investigacion\/colaboratorio\/\" \/>\n<meta property=\"og:locale\" content=\"es_ES\" \/>\n<meta property=\"og:type\" content=\"article\" \/>\n<meta property=\"og:title\" content=\"COLABORATORY - IGNACIO BORREGO\" \/>\n<meta property=\"og:description\" content=\"COLABORATORY - IGNACIO BORREGO\" \/>\n<meta property=\"og:url\" content=\"https:\/\/ignacioborrego.com\/investigacion\/colaboratorio\/\" \/>\n<meta property=\"og:site_name\" content=\"IGNACIO BORREGO\" \/>\n<meta property=\"article:modified_time\" content=\"2018-02-27T11:14:10+00:00\" \/>\n<meta property=\"og:image\" content=\"https:\/\/ignacioborrego.com\/wp-content\/uploads\/2018\/02\/180222-Logo-Colab-255-1-e1519306220503.jpg\" \/>\n\t<meta property=\"og:image:width\" content=\"324\" \/>\n\t<meta property=\"og:image:height\" content=\"324\" \/>\n<meta name=\"twitter:label1\" content=\"Tiempo de lectura\">\n\t<meta name=\"twitter:data1\" content=\"3 minutos\">\n<script type=\"application\/ld+json\" class=\"yoast-schema-graph\">{\"@context\":\"https:\/\/schema.org\",\"@graph\":[{\"@type\":\"WebSite\",\"@id\":\"http:\/\/ignacioborrego.com\/#website\",\"url\":\"http:\/\/ignacioborrego.com\/\",\"name\":\"IGNACIO BORREGO\",\"description\":\"\",\"potentialAction\":[{\"@type\":\"SearchAction\",\"target\":\"http:\/\/ignacioborrego.com\/?s={search_term_string}\",\"query-input\":\"required name=search_term_string\"}],\"inLanguage\":\"es\"},{\"@type\":\"ImageObject\",\"@id\":\"https:\/\/ignacioborrego.com\/investigacion\/colaboratorio\/#primaryimage\",\"inLanguage\":\"es\",\"url\":\"https:\/\/ignacioborrego.com\/wp-content\/uploads\/2018\/02\/180222-Logo-Colab-255-1-e1519306220503.jpg\",\"width\":324,\"height\":324},{\"@type\":\"WebPage\",\"@id\":\"https:\/\/ignacioborrego.com\/investigacion\/colaboratorio\/#webpage\",\"url\":\"https:\/\/ignacioborrego.com\/investigacion\/colaboratorio\/\",\"name\":\"COLABORATORY - IGNACIO BORREGO\",\"isPartOf\":{\"@id\":\"http:\/\/ignacioborrego.com\/#website\"},\"primaryImageOfPage\":{\"@id\":\"https:\/\/ignacioborrego.com\/investigacion\/colaboratorio\/#primaryimage\"},\"datePublished\":\"2015-03-04T17:45:46+00:00\",\"dateModified\":\"2018-02-27T11:14:10+00:00\",\"description\":\"COLABORATORY - IGNACIO BORREGO\",\"breadcrumb\":{\"@id\":\"https:\/\/ignacioborrego.com\/investigacion\/colaboratorio\/#breadcrumb\"},\"inLanguage\":\"es\",\"potentialAction\":[{\"@type\":\"ReadAction\",\"target\":[\"https:\/\/ignacioborrego.com\/investigacion\/colaboratorio\/\"]}]},{\"@type\":\"BreadcrumbList\",\"@id\":\"https:\/\/ignacioborrego.com\/investigacion\/colaboratorio\/#breadcrumb\",\"itemListElement\":[{\"@type\":\"ListItem\",\"position\":1,\"item\":{\"@type\":\"WebPage\",\"@id\":\"http:\/\/ignacioborrego.com\/\",\"url\":\"http:\/\/ignacioborrego.com\/\",\"name\":\"Portada\"}},{\"@type\":\"ListItem\",\"position\":2,\"item\":{\"@type\":\"WebPage\",\"@id\":\"https:\/\/ignacioborrego.com\/investigacion\/\",\"url\":\"https:\/\/ignacioborrego.com\/investigacion\/\",\"name\":\"INVESTIGACION IGNACIO BORREGO\"}},{\"@type\":\"ListItem\",\"position\":3,\"item\":{\"@type\":\"WebPage\",\"@id\":\"https:\/\/ignacioborrego.com\/investigacion\/colaboratorio\/\",\"url\":\"https:\/\/ignacioborrego.com\/investigacion\/colaboratorio\/\",\"name\":\"CoLab MADRID\"}}]}]}<\/script>\n<!-- \/ Yoast SEO plugin. -->","_links":{"self":[{"href":"https:\/\/ignacioborrego.com\/es\/wp-json\/wp\/v2\/pages\/115"}],"collection":[{"href":"https:\/\/ignacioborrego.com\/es\/wp-json\/wp\/v2\/pages"}],"about":[{"href":"https:\/\/ignacioborrego.com\/es\/wp-json\/wp\/v2\/types\/page"}],"author":[{"embeddable":true,"href":"https:\/\/ignacioborrego.com\/es\/wp-json\/wp\/v2\/users\/1"}],"replies":[{"embeddable":true,"href":"https:\/\/ignacioborrego.com\/es\/wp-json\/wp\/v2\/comments?post=115"}],"version-history":[{"count":29,"href":"https:\/\/ignacioborrego.com\/es\/wp-json\/wp\/v2\/pages\/115\/revisions"}],"predecessor-version":[{"id":1457,"href":"https:\/\/ignacioborrego.com\/es\/wp-json\/wp\/v2\/pages\/115\/revisions\/1457"}],"up":[{"embeddable":true,"href":"https:\/\/ignacioborrego.com\/es\/wp-json\/wp\/v2\/pages\/49"}],"wp:featuredmedia":[{"embeddable":true,"href":"https:\/\/ignacioborrego.com\/es\/wp-json\/wp\/v2\/media\/1403"}],"wp:attachment":[{"href":"https:\/\/ignacioborrego.com\/es\/wp-json\/wp\/v2\/media?parent=115"}],"curies":[{"name":"wp","href":"https:\/\/api.w.org\/{rel}","templated":true}]}}