{"id":117,"date":"2015-03-04T17:46:22","date_gmt":"2015-03-04T17:46:22","guid":{"rendered":"http:\/\/ignacioborrego.com\/?page_id=117"},"modified":"2019-09-19T09:00:53","modified_gmt":"2019-09-19T09:00:53","slug":"grupo-de-investigacion-prolab","status":"publish","type":"page","link":"https:\/\/ignacioborrego.com\/es\/investigacion\/grupo-de-investigacion-prolab\/","title":{"rendered":"GRUPO DE INVESTIGACI\u00d3N PROLAB IGNACIO BORREGO"},"content":{"rendered":"<p><div class=\"krown-column-row clearfix wpb_row krown-column-row clearfix-fluid\"><\/div>\n\t<div class=\"krown-column-container clearfix span3\" style=\"\">\n\t\t\n\t<\/div> \n\n\t\t\t<div class=\"krown-image-holder\"><img class=\"krown-single-image alignleft\" src=\"https:\/\/ignacioborrego.com\/wp-content\/uploads\/2015\/03\/Logo-prolab.jpg\" width=\"468\" height=\"480\" alt=\"\" \/><\/div>\n\t<\/div> \n\n\t<div class=\"krown-column-container clearfix span3\" style=\"\">\n\t\t\n\t\t\t<div class=\"krown-image-holder\"><img class=\"krown-single-image alignleft\" src=\"https:\/\/ignacioborrego.com\/wp-content\/uploads\/2015\/03\/131120-logo-dpa-invertido.gif\" width=\"198\" height=\"198\" alt=\"\" \/><\/div>\n\t<\/div> \n\n\t<div class=\"krown-column-container clearfix span3\" style=\"\">\n\t\t\n\t\t\t<div class=\"krown-image-holder\"><img class=\"krown-single-image alignleft\" src=\"https:\/\/ignacioborrego.com\/wp-content\/uploads\/2015\/03\/101031-logo-etsam.gif\" width=\"228\" height=\"268\" alt=\"\" \/><\/div>\n\t<\/div> \n\n\t<div class=\"krown-column-container clearfix span3\" style=\"\">\n\t\t\n\t\t\t<div class=\"krown-image-holder\"><img class=\"krown-single-image alignleft\" src=\"https:\/\/ignacioborrego.com\/wp-content\/uploads\/2015\/03\/LOGO-UPM.jpg\" width=\"550\" height=\"437\" alt=\"\" \/><\/div>\n\t<\/div> \n<\/div><div class=\"krown-column-row clearfix wpb_row krown-column-row clearfix-fluid\">\n\t<div class=\"krown-column-container clearfix span12\" style=\"\">\n\t\t\n\t\t\t<h4>GRUPO DE INVESTIGACI\u00d3N PROLAB<\/h4>\n<p>PROLAB. Laboratorio de Investigaci\u00f3n del Proyecto Contempor\u00e1neo.<br \/>\nDepartamento de Proyectos Arquitect\u00f3nicos. DPA<br \/>\nEscuela T\u00e9cnica Superior de Arquitectura de Madrid. ETSAM<br \/>\nUniversidad Polit\u00e9cnica de Madrid. UPM<\/p>\n<p><strong>Investigador principal:<\/strong><br \/>\nSoriano Pel\u00e1ez, Federico<br \/>\n<strong>Investigadores:<\/strong><br \/>\nBorrego G\u00f3mez-Pallete, Ignacio (hasta 2016)<br \/>\nGarc\u00eda Seti\u00e9n-Terol, Diego<br \/>\nGelabert Amengual, Antoni<br \/>\nGuijarro Fayard, Javier<br \/>\nL\u00f3pez Ujaque, Jos\u00e9 Manuel<br \/>\nLuzarraga Iturrioz, Arantzazu<br \/>\nMart\u00edn Fidalgo, \u00c1lvaro<br \/>\nMart\u00ednez-Pita Zemborain, Ana<br \/>\nRibot Manzano, Almudena<br \/>\nUrz\u00e1iz Gonz\u00e1lez, Pedro<\/p>\n<p><strong><a href=\"http:\/\/dpa-etsam.com\/dpaa\/blog\/grupos-de-investigacion\/prolab-laboratorio-investigacion-proyecto-contemporaneo\">http:\/\/dpa-etsam.com\/dpaa\/blog\/grupos-de-investigacion\/prolab-laboratorio-investigacion-proyecto-contemporaneo<\/a><\/strong><\/p>\n\n\t<\/div> \n<\/div><\/p>","protected":false},"excerpt":{"rendered":"GRUPO DE INVESTIGACI\u00d3N PROLAB PROLAB. Laboratorio de Investigaci\u00f3n del Proyecto Contempor\u00e1neo. Departamento de Proyectos Arquitect\u00f3nicos. DPA Escuela T\u00e9cnica Superior de Arquitectura de Madrid. ETSAM Universidad Polit\u00e9cnica de Madrid. UPM Investigador principal: Soriano Pel\u00e1ez, Federico Investigadores: Borrego G\u00f3mez-Pallete, Ignacio (hasta 2016) Garc\u00eda Seti\u00e9n-Terol, Diego Gelabert Amengual, Antoni Guijarro Fayard, Javier L\u00f3pez Ujaque, Jos\u00e9 Manuel Luzarraga Iturrioz, [...]","protected":false},"author":1,"featured_media":0,"parent":49,"menu_order":0,"comment_status":"open","ping_status":"open","template":"","meta":[],"yoast_head":"<!-- This site is optimized with the Yoast SEO plugin v15.9.2 - https:\/\/yoast.com\/wordpress\/plugins\/seo\/ -->\n<title>GRUPO DE INVESTIGACI\u00d3N PROLAB IGNACIO BORREGO<\/title>\n<meta name=\"description\" content=\"GRUPO DE INVESTIGACI\u00d3N PROLAB IGNACIO BORREGO\" \/>\n<meta name=\"robots\" content=\"index, follow, max-snippet:-1, max-image-preview:large, max-video-preview:-1\" \/>\n<link rel=\"canonical\" href=\"https:\/\/ignacioborrego.com\/investigacion\/grupo-de-investigacion-prolab\/\" \/>\n<meta property=\"og:locale\" content=\"es_ES\" \/>\n<meta property=\"og:type\" content=\"article\" \/>\n<meta property=\"og:title\" content=\"GRUPO DE INVESTIGACI\u00d3N PROLAB IGNACIO BORREGO\" \/>\n<meta property=\"og:description\" content=\"GRUPO DE INVESTIGACI\u00d3N PROLAB IGNACIO BORREGO\" \/>\n<meta property=\"og:url\" content=\"https:\/\/ignacioborrego.com\/investigacion\/grupo-de-investigacion-prolab\/\" \/>\n<meta property=\"og:site_name\" content=\"IGNACIO BORREGO\" \/>\n<meta property=\"article:modified_time\" content=\"2019-09-19T09:00:53+00:00\" \/>\n<meta name=\"twitter:label1\" content=\"Tiempo de lectura\">\n\t<meta name=\"twitter:data1\" content=\"2 minutos\">\n<script type=\"application\/ld+json\" class=\"yoast-schema-graph\">{\"@context\":\"https:\/\/schema.org\",\"@graph\":[{\"@type\":\"WebSite\",\"@id\":\"http:\/\/ignacioborrego.com\/#website\",\"url\":\"http:\/\/ignacioborrego.com\/\",\"name\":\"IGNACIO BORREGO\",\"description\":\"\",\"potentialAction\":[{\"@type\":\"SearchAction\",\"target\":\"http:\/\/ignacioborrego.com\/?s={search_term_string}\",\"query-input\":\"required name=search_term_string\"}],\"inLanguage\":\"es\"},{\"@type\":\"WebPage\",\"@id\":\"https:\/\/ignacioborrego.com\/investigacion\/grupo-de-investigacion-prolab\/#webpage\",\"url\":\"https:\/\/ignacioborrego.com\/investigacion\/grupo-de-investigacion-prolab\/\",\"name\":\"GRUPO DE INVESTIGACI\\u00d3N PROLAB IGNACIO BORREGO\",\"isPartOf\":{\"@id\":\"http:\/\/ignacioborrego.com\/#website\"},\"datePublished\":\"2015-03-04T17:46:22+00:00\",\"dateModified\":\"2019-09-19T09:00:53+00:00\",\"description\":\"GRUPO DE INVESTIGACI\\u00d3N PROLAB IGNACIO BORREGO\",\"breadcrumb\":{\"@id\":\"https:\/\/ignacioborrego.com\/investigacion\/grupo-de-investigacion-prolab\/#breadcrumb\"},\"inLanguage\":\"es\",\"potentialAction\":[{\"@type\":\"ReadAction\",\"target\":[\"https:\/\/ignacioborrego.com\/investigacion\/grupo-de-investigacion-prolab\/\"]}]},{\"@type\":\"BreadcrumbList\",\"@id\":\"https:\/\/ignacioborrego.com\/investigacion\/grupo-de-investigacion-prolab\/#breadcrumb\",\"itemListElement\":[{\"@type\":\"ListItem\",\"position\":1,\"item\":{\"@type\":\"WebPage\",\"@id\":\"http:\/\/ignacioborrego.com\/\",\"url\":\"http:\/\/ignacioborrego.com\/\",\"name\":\"Portada\"}},{\"@type\":\"ListItem\",\"position\":2,\"item\":{\"@type\":\"WebPage\",\"@id\":\"https:\/\/ignacioborrego.com\/investigacion\/\",\"url\":\"https:\/\/ignacioborrego.com\/investigacion\/\",\"name\":\"INVESTIGACION IGNACIO BORREGO\"}},{\"@type\":\"ListItem\",\"position\":3,\"item\":{\"@type\":\"WebPage\",\"@id\":\"https:\/\/ignacioborrego.com\/investigacion\/grupo-de-investigacion-prolab\/\",\"url\":\"https:\/\/ignacioborrego.com\/investigacion\/grupo-de-investigacion-prolab\/\",\"name\":\"GRUPO DE INVESTIGACI\\u00d3N PROLAB IGNACIO BORREGO\"}}]}]}<\/script>\n<!-- \/ Yoast SEO plugin. -->","_links":{"self":[{"href":"https:\/\/ignacioborrego.com\/es\/wp-json\/wp\/v2\/pages\/117"}],"collection":[{"href":"https:\/\/ignacioborrego.com\/es\/wp-json\/wp\/v2\/pages"}],"about":[{"href":"https:\/\/ignacioborrego.com\/es\/wp-json\/wp\/v2\/types\/page"}],"author":[{"embeddable":true,"href":"https:\/\/ignacioborrego.com\/es\/wp-json\/wp\/v2\/users\/1"}],"replies":[{"embeddable":true,"href":"https:\/\/ignacioborrego.com\/es\/wp-json\/wp\/v2\/comments?post=117"}],"version-history":[{"count":18,"href":"https:\/\/ignacioborrego.com\/es\/wp-json\/wp\/v2\/pages\/117\/revisions"}],"predecessor-version":[{"id":1721,"href":"https:\/\/ignacioborrego.com\/es\/wp-json\/wp\/v2\/pages\/117\/revisions\/1721"}],"up":[{"embeddable":true,"href":"https:\/\/ignacioborrego.com\/es\/wp-json\/wp\/v2\/pages\/49"}],"wp:attachment":[{"href":"https:\/\/ignacioborrego.com\/es\/wp-json\/wp\/v2\/media?parent=117"}],"curies":[{"name":"wp","href":"https:\/\/api.w.org\/{rel}","templated":true}]}}