{"id":119,"date":"2015-03-04T17:46:43","date_gmt":"2015-03-04T17:46:43","guid":{"rendered":"http:\/\/ignacioborrego.com\/?page_id=119"},"modified":"2018-02-22T12:49:08","modified_gmt":"2018-02-22T12:49:08","slug":"grupo-de-investigacion-arquitecturas-open-source","status":"publish","type":"page","link":"https:\/\/ignacioborrego.com\/es\/investigacion\/grupo-de-investigacion-arquitecturas-open-source\/","title":{"rendered":"GRUPO DE INVESTIGACI\u00d3N ARQUITECTURAS OPEN SOURCE IGNACIO BORREGO"},"content":{"rendered":"<p><\/p>\n<h4>GRUPO DE INVESTIGACI\u00d3N ARQUITECTURAS OPEN SOURCE<\/h4>\n<p><strong>Investigador principal:<\/strong><br \/>\nJorge Le\u00f3n<br \/>\n<strong>Investigadores:<\/strong><br \/>\nLourdes Diego<br \/>\nSara Muniain<br \/>\nAna Ruiz Varona<br \/>\nGuzm\u00e1n de Yarza<br \/>\n\u00c1ngel Comeras<br \/>\nAntonio Estepa<br \/>\nJes\u00fas Tejada<br \/>\nSergio Marta<br \/>\nCarlos C\u00e1mara<br \/>\nIgnacio Borrego G\u00f3mez-Pallete (2015-2016)<\/p>\n<p>L\u00edneas de investigaci\u00f3n<br \/>\nGESTI\u00d3N URBAN\u00cdSTICA TERRITORIAL-METROPOLITANA<br \/>\nInvestigaci\u00f3n sobre las nuevas posibilidades de gesti\u00f3n urban\u00edstica territorial intermunicipal y metropolitana gracias a la introducci\u00f3n de las nuevas Tecnolog\u00edas de Informaci\u00f3n y Comunicaci\u00f3n (TIC). Desarrollo y ampliaci\u00f3n del concepto de Smart Cities al de Smart Territories desde un punto de vista sostenible tanto econ\u00f3mica como medioambientalmente.<br \/>\nHISTORIA E HISTORIOGRAF\u00cdA APLICADA DE LA ARQUITECTURA<br \/>\nLos roles hist\u00f3ricos y la formaci\u00f3n integral del arquitecto. Desarrollo y profundizaci\u00f3n de una historia e historiograf\u00eda cr\u00edtica de la funci\u00f3n estructural del arquitecto-urbanista en la historia de la gesti\u00f3n de la ciudad y el territorio.<br \/>\nColaboraci\u00f3n con C\u00e1tedra ADECCO\/Bantierra.<br \/>\nColaboraci\u00f3n directa con el M\u00e1ster en \u201cInvestigaci\u00f3n y Formaci\u00f3n Avanzada en Arquitectura\u201d de la ETSA-USJ en la formaci\u00f3n de doctores e investigadores.<\/p>\n<p><strong><a href=\"http:\/\/www.usj.es\/investigacion\/grupos\/arquitecturasopensource\" target=\"_blank\" rel=\"noopener\">http:\/\/www.usj.es\/investigacion\/grupos\/arquitecturasopensource<\/a><\/strong><\/p>","protected":false},"excerpt":{"rendered":"<p>GRUPO DE INVESTIGACI\u00d3N ARQUITECTURAS OPEN SOURCE Investigador principal: Jorge Le\u00f3n Investigadores: Lourdes Diego Sara Muniain Ana Ruiz Varona Guzm\u00e1n de Yarza \u00c1ngel Comeras Antonio Estepa Jes\u00fas Tejada Sergio Marta Carlos C\u00e1mara Ignacio Borrego G\u00f3mez-Pallete (2015-2016) L\u00edneas de investigaci\u00f3n GESTI\u00d3N URBAN\u00cdSTICA TERRITORIAL-METROPOLITANA Investigaci\u00f3n sobre las nuevas posibilidades de gesti\u00f3n urban\u00edstica territorial intermunicipal y metropolitana gracias a [&hellip;]<\/p>\n","protected":false},"author":1,"featured_media":0,"parent":49,"menu_order":0,"comment_status":"open","ping_status":"open","template":"","meta":[],"yoast_head":"<!-- This site is optimized with the Yoast SEO plugin v15.9.2 - https:\/\/yoast.com\/wordpress\/plugins\/seo\/ -->\n<title>OPEN SOURCE ARCHITECTURES. RESEARCH GROUP - IGNACIO BORREGO -<\/title>\n<meta name=\"description\" content=\"OPEN SOURCE ARCHITECTURES. RESEARCH GROUP - IGNACIO BORREGO\" \/>\n<meta name=\"robots\" content=\"index, follow, max-snippet:-1, max-image-preview:large, max-video-preview:-1\" \/>\n<link rel=\"canonical\" href=\"https:\/\/ignacioborrego.com\/investigacion\/grupo-de-investigacion-arquitecturas-open-source\/\" \/>\n<meta property=\"og:locale\" content=\"es_ES\" \/>\n<meta property=\"og:type\" content=\"article\" \/>\n<meta property=\"og:title\" content=\"OPEN SOURCE ARCHITECTURES. RESEARCH GROUP - IGNACIO BORREGO -\" \/>\n<meta property=\"og:description\" content=\"OPEN SOURCE ARCHITECTURES. RESEARCH GROUP - IGNACIO BORREGO\" \/>\n<meta property=\"og:url\" content=\"https:\/\/ignacioborrego.com\/investigacion\/grupo-de-investigacion-arquitecturas-open-source\/\" \/>\n<meta property=\"og:site_name\" content=\"IGNACIO BORREGO\" \/>\n<meta property=\"article:modified_time\" content=\"2018-02-22T12:49:08+00:00\" \/>\n<meta name=\"twitter:label1\" content=\"Tiempo de lectura\">\n\t<meta name=\"twitter:data1\" content=\"2 minutos\">\n<script type=\"application\/ld+json\" class=\"yoast-schema-graph\">{\"@context\":\"https:\/\/schema.org\",\"@graph\":[{\"@type\":\"WebSite\",\"@id\":\"http:\/\/ignacioborrego.com\/#website\",\"url\":\"http:\/\/ignacioborrego.com\/\",\"name\":\"IGNACIO BORREGO\",\"description\":\"\",\"potentialAction\":[{\"@type\":\"SearchAction\",\"target\":\"http:\/\/ignacioborrego.com\/?s={search_term_string}\",\"query-input\":\"required name=search_term_string\"}],\"inLanguage\":\"es\"},{\"@type\":\"WebPage\",\"@id\":\"https:\/\/ignacioborrego.com\/investigacion\/grupo-de-investigacion-arquitecturas-open-source\/#webpage\",\"url\":\"https:\/\/ignacioborrego.com\/investigacion\/grupo-de-investigacion-arquitecturas-open-source\/\",\"name\":\"OPEN SOURCE ARCHITECTURES. RESEARCH GROUP - IGNACIO BORREGO -\",\"isPartOf\":{\"@id\":\"http:\/\/ignacioborrego.com\/#website\"},\"datePublished\":\"2015-03-04T17:46:43+00:00\",\"dateModified\":\"2018-02-22T12:49:08+00:00\",\"description\":\"OPEN SOURCE ARCHITECTURES. RESEARCH GROUP - IGNACIO BORREGO\",\"breadcrumb\":{\"@id\":\"https:\/\/ignacioborrego.com\/investigacion\/grupo-de-investigacion-arquitecturas-open-source\/#breadcrumb\"},\"inLanguage\":\"es\",\"potentialAction\":[{\"@type\":\"ReadAction\",\"target\":[\"https:\/\/ignacioborrego.com\/investigacion\/grupo-de-investigacion-arquitecturas-open-source\/\"]}]},{\"@type\":\"BreadcrumbList\",\"@id\":\"https:\/\/ignacioborrego.com\/investigacion\/grupo-de-investigacion-arquitecturas-open-source\/#breadcrumb\",\"itemListElement\":[{\"@type\":\"ListItem\",\"position\":1,\"item\":{\"@type\":\"WebPage\",\"@id\":\"http:\/\/ignacioborrego.com\/\",\"url\":\"http:\/\/ignacioborrego.com\/\",\"name\":\"Portada\"}},{\"@type\":\"ListItem\",\"position\":2,\"item\":{\"@type\":\"WebPage\",\"@id\":\"https:\/\/ignacioborrego.com\/investigacion\/\",\"url\":\"https:\/\/ignacioborrego.com\/investigacion\/\",\"name\":\"INVESTIGACION IGNACIO BORREGO\"}},{\"@type\":\"ListItem\",\"position\":3,\"item\":{\"@type\":\"WebPage\",\"@id\":\"https:\/\/ignacioborrego.com\/investigacion\/grupo-de-investigacion-arquitecturas-open-source\/\",\"url\":\"https:\/\/ignacioborrego.com\/investigacion\/grupo-de-investigacion-arquitecturas-open-source\/\",\"name\":\"OPEN SOURCE ARCHITECTURES. RESEARCH GROUP &#8211; IGNACIO BORREGO\"}}]}]}<\/script>\n<!-- \/ Yoast SEO plugin. -->","_links":{"self":[{"href":"https:\/\/ignacioborrego.com\/es\/wp-json\/wp\/v2\/pages\/119"}],"collection":[{"href":"https:\/\/ignacioborrego.com\/es\/wp-json\/wp\/v2\/pages"}],"about":[{"href":"https:\/\/ignacioborrego.com\/es\/wp-json\/wp\/v2\/types\/page"}],"author":[{"embeddable":true,"href":"https:\/\/ignacioborrego.com\/es\/wp-json\/wp\/v2\/users\/1"}],"replies":[{"embeddable":true,"href":"https:\/\/ignacioborrego.com\/es\/wp-json\/wp\/v2\/comments?post=119"}],"version-history":[{"count":5,"href":"https:\/\/ignacioborrego.com\/es\/wp-json\/wp\/v2\/pages\/119\/revisions"}],"predecessor-version":[{"id":1391,"href":"https:\/\/ignacioborrego.com\/es\/wp-json\/wp\/v2\/pages\/119\/revisions\/1391"}],"up":[{"embeddable":true,"href":"https:\/\/ignacioborrego.com\/es\/wp-json\/wp\/v2\/pages\/49"}],"wp:attachment":[{"href":"https:\/\/ignacioborrego.com\/es\/wp-json\/wp\/v2\/media?parent=119"}],"curies":[{"name":"wp","href":"https:\/\/api.w.org\/{rel}","templated":true}]}}