{"id":122,"date":"2015-03-04T17:49:19","date_gmt":"2015-03-04T17:49:19","guid":{"rendered":"http:\/\/ignacioborrego.com\/?page_id=122"},"modified":"2018-02-22T12:50:47","modified_gmt":"2018-02-22T12:50:47","slug":"revista-arquitectos-cscae","status":"publish","type":"page","link":"https:\/\/ignacioborrego.com\/es\/investigacion\/revista-arquitectos-cscae\/","title":{"rendered":"REVISTA ARQUITECTOS (CSCAE) &#8211; IGNACIO BORREGO"},"content":{"rendered":"<p><\/p>\n<h4>REVISTA ARQUITECTOS (CSCAE)<\/h4>\n<p>La revista Arquitectos pretende ser un complemento a la actual producci\u00f3n editorial, proponiendo una publicaci\u00f3n de reflexi\u00f3n basada en textos sobre una colecci\u00f3n de temas de influencia relevante en nuestra profesi\u00f3n, buscando una nueva referencia para el estudio y la investigaci\u00f3n, donde tengan cabida reflexiones multidisciplinares. La revista se encuentra indexada, y sus publicaciones son reconocidas por la Agencia Nacional de Evaluaci\u00f3n de la Calidad y Acreditaci\u00f3n.<\/p>\n<p>Arquitectos<br \/>\nEditado por el Consejo Superior de los Colegios de Arquitectos de Espa\u00f1a<\/p>\n<p>Directores de la revista: Ignacio Borrego, N\u00e9stor Montenegro y Lina Toro\u00a0(2006-2012)<br \/>\nRedacci\u00f3n: Carlos Ramos<br \/>\nDise\u00f1o y maquetaci\u00f3n: Jes\u00fas Rabazas<\/p>\n<p>Presidente: Carlos Hern\u00e1ndez Pezzi (2002 -2010), Jordi Ludevid (2010-)<br \/>\nConsejo de redacci\u00f3n: CarlosVidal Sanz Ceballos (Secretario General CSCAE)<br \/>\nTesorero CSCAE: Francisco P\u00e9rez Arbu\u00e9s (Consejero COA Arag\u00f3n)<br \/>\nVOCALES<br \/>\nAntonio Mena Anisi (Presidente del Consejo Andaluz de Colegios de Arquitectos)<br \/>\nManuel Urtiaga deVivar Garc\u00eda (Consejero COA Castilla-La Mancha)<br \/>\nFernando de Andr\u00e9s \u00c1lvarez (Consejero COA Le\u00f3n)<br \/>\nFrancisco Camino Arias (Consejero COA Murcia)<br \/>\nJuan Mart\u00edn Castillo Carpio (Consejero COA Comunidad Valenciana)<br \/>\nM\u00aa Victoria Morr\u00e1s Zuazo (Consejero COAVasco-Navarro)<br \/>\nAdministraci\u00f3n: Jos\u00e9 Antonio Casas<br \/>\nPublicidad: NEX de Publicidad<br \/>\nRedacci\u00f3n: Paseo de la Castellana, 12 &#8211; 28046 Madrid<br \/>\nTel 91 435 22 00 &#8211; Fax 91 575 38 39<br \/>\nrevista@arquinex.es &#8211; revista@dosmasunoarquitectos.com<br \/>\nImprime: Artes Gr\u00e1ficas Palermo s. l.<br \/>\nISSN 0214- 1124<br \/>\nControlado por OJD<br \/>\nTirada 48.430 ejemplares<br \/>\nDep\u00f3sito legal M-26 462-1975<\/p>\n<p><a href=\"http:\/\/ignacioborrego.com\/wp-content\/uploads\/revistascscae\/060829Arquitectos178Construcci\u00f3ndeciudad.pdf\" target=\"_blank\" rel=\"noopener\">178 &#8211; Construcci\u00f3n de Ciudad<\/a>\u00a0(pdf)<br \/>\n<a href=\"http:\/\/ignacioborrego.com\/wp-content\/uploads\/revistascscae\/061205Arquitectos179Arquitecturaenzim\u00e1tica.pdf\" target=\"_blank\" rel=\"noopener\">179 &#8211; Arquitectura Enzim\u00e1tica<\/a> (pdf)<br \/>\n<a href=\"http:\/\/ignacioborrego.com\/wp-content\/uploads\/revistascscae\/070000Arquitectos180Estrategiasdeformaci\u00f3n.pdf\" target=\"_blank\" rel=\"noopener\">180 &#8211; Estrategias de Formaci\u00f3n<\/a> (pdf)<br \/>\n<a href=\"http:\/\/ignacioborrego.com\/wp-content\/uploads\/revistascscae\/070907Arquitectos181BajoConsumoI.pdf\" target=\"_blank\" rel=\"noopener\">181 &#8211; Bajo Consumo I<\/a> (pdf)<br \/>\n<a href=\"http:\/\/ignacioborrego.com\/wp-content\/uploads\/revistascscae\/080313Arquitectos182BajoConsumoII.pdf\" target=\"_blank\" rel=\"noopener\">182 &#8211; Bajo Consumo II <\/a>(pdf)<br \/>\n<a href=\"http:\/\/ignacioborrego.com\/wp-content\/uploads\/revistascscae\/080414Arquitectos183AltaCostura.pdf\" target=\"_blank\" rel=\"noopener\">183 &#8211; Alta Costura <\/a>(pdf)<br \/>\n<a href=\"http:\/\/ignacioborrego.com\/wp-content\/uploads\/revistascscae\/080918Arquitectos184Arquitecturamediada.pdf\" target=\"_blank\" rel=\"noopener\">184 &#8211; Arquitectura Mediada <\/a>(pdf)<br \/>\n<a href=\"http:\/\/ignacioborrego.com\/wp-content\/uploads\/revistascscae\/090106Arquitectos185Esqueletos.pdf\" target=\"_blank\" rel=\"noopener\">185 \u2013 Esqueletos<\/a> (pdf)<br \/>\n<a href=\"http:\/\/ignacioborrego.com\/wp-content\/uploads\/revistascscae\/090420Arquitectos186Sinrecursos.pdf\" target=\"_blank\" rel=\"noopener\">186 &#8211; Sin Recursos<\/a> (pdf)<br \/>\n<a href=\"http:\/\/ignacioborrego.com\/wp-content\/uploads\/revistascscae\/091201Arquitectos187Asuntosinternos.pdf\" target=\"_blank\" rel=\"noopener\">187 &#8211; Asuntos Internos <\/a> (pdf)<br \/>\n<a href=\"http:\/\/ignacioborrego.com\/wp-content\/uploads\/revistascscae\/100923Arquitectos188Formal\u00edsimos.pdf\" target=\"_blank\" rel=\"noopener\">188 \u2013 Formal\u00edsimos <\/a>(pdf)<br \/>\n<a href=\"http:\/\/ignacioborrego.com\/wp-content\/uploads\/revistascscae\/101213Arquitectos189V\u00edasrespiratorias.pdf\" target=\"_blank\" rel=\"noopener\">189 &#8211; V\u00edas Respiratorias <\/a>(pdf)<br \/>\n<a href=\"http:\/\/ignacioborrego.com\/wp-content\/uploads\/revistascscae\/110000EditorialdeArquitectos190Movilidad.pdf\" target=\"_blank\" rel=\"noopener\">190 \u2013 Movilidad<\/a> (pdf)<br \/>\n<a href=\"http:\/\/ignacioborrego.com\/wp-content\/uploads\/revistascscae\/110000EditorialdeArquitectos191Traslaciones.pdf\" target=\"_blank\" rel=\"noopener\">191 \u2013 Traslaciones <\/a>(pdf)<\/p>","protected":false},"excerpt":{"rendered":"<p>REVISTA ARQUITECTOS (CSCAE) La revista Arquitectos pretende ser un complemento a la actual producci\u00f3n editorial, proponiendo una publicaci\u00f3n de reflexi\u00f3n basada en textos sobre una colecci\u00f3n de temas de influencia relevante en nuestra profesi\u00f3n, buscando una nueva referencia para el estudio y la investigaci\u00f3n, donde tengan cabida reflexiones multidisciplinares. La revista se encuentra indexada, y [&hellip;]<\/p>\n","protected":false},"author":1,"featured_media":0,"parent":49,"menu_order":0,"comment_status":"open","ping_status":"open","template":"","meta":[],"yoast_head":"<!-- This site is optimized with the Yoast SEO plugin v15.9.2 - https:\/\/yoast.com\/wordpress\/plugins\/seo\/ -->\n<title>ARQUITECTOS ARCHITECTURAL REVIEW (CSCAE) - IGNACIO BORREGO<\/title>\n<meta name=\"description\" content=\"ARQUITECTOS ARCHITECTURAL REVIEW (CSCAE) - IGNACIO BORREGO\" \/>\n<meta name=\"robots\" content=\"index, follow, max-snippet:-1, max-image-preview:large, max-video-preview:-1\" \/>\n<link rel=\"canonical\" href=\"https:\/\/ignacioborrego.com\/investigacion\/revista-arquitectos-cscae\/\" \/>\n<meta property=\"og:locale\" content=\"es_ES\" \/>\n<meta property=\"og:type\" content=\"article\" \/>\n<meta property=\"og:title\" content=\"ARQUITECTOS ARCHITECTURAL REVIEW (CSCAE) - IGNACIO BORREGO\" \/>\n<meta property=\"og:description\" content=\"ARQUITECTOS ARCHITECTURAL REVIEW (CSCAE) - IGNACIO BORREGO\" \/>\n<meta property=\"og:url\" content=\"https:\/\/ignacioborrego.com\/investigacion\/revista-arquitectos-cscae\/\" \/>\n<meta property=\"og:site_name\" content=\"IGNACIO BORREGO\" \/>\n<meta property=\"article:modified_time\" content=\"2018-02-22T12:50:47+00:00\" \/>\n<meta name=\"twitter:label1\" content=\"Tiempo de lectura\">\n\t<meta name=\"twitter:data1\" content=\"3 minutos\">\n<script type=\"application\/ld+json\" class=\"yoast-schema-graph\">{\"@context\":\"https:\/\/schema.org\",\"@graph\":[{\"@type\":\"WebSite\",\"@id\":\"http:\/\/ignacioborrego.com\/#website\",\"url\":\"http:\/\/ignacioborrego.com\/\",\"name\":\"IGNACIO BORREGO\",\"description\":\"\",\"potentialAction\":[{\"@type\":\"SearchAction\",\"target\":\"http:\/\/ignacioborrego.com\/?s={search_term_string}\",\"query-input\":\"required name=search_term_string\"}],\"inLanguage\":\"es\"},{\"@type\":\"WebPage\",\"@id\":\"https:\/\/ignacioborrego.com\/investigacion\/revista-arquitectos-cscae\/#webpage\",\"url\":\"https:\/\/ignacioborrego.com\/investigacion\/revista-arquitectos-cscae\/\",\"name\":\"ARQUITECTOS ARCHITECTURAL REVIEW (CSCAE) - IGNACIO BORREGO\",\"isPartOf\":{\"@id\":\"http:\/\/ignacioborrego.com\/#website\"},\"datePublished\":\"2015-03-04T17:49:19+00:00\",\"dateModified\":\"2018-02-22T12:50:47+00:00\",\"description\":\"ARQUITECTOS ARCHITECTURAL REVIEW (CSCAE) - IGNACIO BORREGO\",\"breadcrumb\":{\"@id\":\"https:\/\/ignacioborrego.com\/investigacion\/revista-arquitectos-cscae\/#breadcrumb\"},\"inLanguage\":\"es\",\"potentialAction\":[{\"@type\":\"ReadAction\",\"target\":[\"https:\/\/ignacioborrego.com\/investigacion\/revista-arquitectos-cscae\/\"]}]},{\"@type\":\"BreadcrumbList\",\"@id\":\"https:\/\/ignacioborrego.com\/investigacion\/revista-arquitectos-cscae\/#breadcrumb\",\"itemListElement\":[{\"@type\":\"ListItem\",\"position\":1,\"item\":{\"@type\":\"WebPage\",\"@id\":\"http:\/\/ignacioborrego.com\/\",\"url\":\"http:\/\/ignacioborrego.com\/\",\"name\":\"Portada\"}},{\"@type\":\"ListItem\",\"position\":2,\"item\":{\"@type\":\"WebPage\",\"@id\":\"https:\/\/ignacioborrego.com\/investigacion\/\",\"url\":\"https:\/\/ignacioborrego.com\/investigacion\/\",\"name\":\"INVESTIGACION IGNACIO BORREGO\"}},{\"@type\":\"ListItem\",\"position\":3,\"item\":{\"@type\":\"WebPage\",\"@id\":\"https:\/\/ignacioborrego.com\/investigacion\/revista-arquitectos-cscae\/\",\"url\":\"https:\/\/ignacioborrego.com\/investigacion\/revista-arquitectos-cscae\/\",\"name\":\"ARQUITECTOS ARCHITECTURAL REVIEW (CSCAE) &#8211; IGNACIO BORREGO\"}}]}]}<\/script>\n<!-- \/ Yoast SEO plugin. -->","_links":{"self":[{"href":"https:\/\/ignacioborrego.com\/es\/wp-json\/wp\/v2\/pages\/122"}],"collection":[{"href":"https:\/\/ignacioborrego.com\/es\/wp-json\/wp\/v2\/pages"}],"about":[{"href":"https:\/\/ignacioborrego.com\/es\/wp-json\/wp\/v2\/types\/page"}],"author":[{"embeddable":true,"href":"https:\/\/ignacioborrego.com\/es\/wp-json\/wp\/v2\/users\/1"}],"replies":[{"embeddable":true,"href":"https:\/\/ignacioborrego.com\/es\/wp-json\/wp\/v2\/comments?post=122"}],"version-history":[{"count":13,"href":"https:\/\/ignacioborrego.com\/es\/wp-json\/wp\/v2\/pages\/122\/revisions"}],"predecessor-version":[{"id":1392,"href":"https:\/\/ignacioborrego.com\/es\/wp-json\/wp\/v2\/pages\/122\/revisions\/1392"}],"up":[{"embeddable":true,"href":"https:\/\/ignacioborrego.com\/es\/wp-json\/wp\/v2\/pages\/49"}],"wp:attachment":[{"href":"https:\/\/ignacioborrego.com\/es\/wp-json\/wp\/v2\/media?parent=122"}],"curies":[{"name":"wp","href":"https:\/\/api.w.org\/{rel}","templated":true}]}}