{"id":53,"date":"2015-03-03T17:54:11","date_gmt":"2015-03-03T17:54:11","guid":{"rendered":"http:\/\/ignacioborrego.com\/?page_id=53"},"modified":"2023-02-09T15:23:56","modified_gmt":"2023-02-09T15:23:56","slug":"ignacio-borrego","status":"publish","type":"page","link":"https:\/\/ignacioborrego.com\/es\/estudio\/ignacio-borrego\/","title":{"rendered":"IGNACIO BORREGO"},"content":{"rendered":"<p><\/p>\n<h4><\/h4>\n<p><img loading=\"lazy\" class=\"alignnone size-medium wp-image-756\" src=\"http:\/\/ignacioborrego.com\/wp-content\/uploads\/2015\/03\/Ignacio-Borrego-225x300.jpg\" alt=\"Ignacio Borrego\" width=\"225\" height=\"300\" srcset=\"https:\/\/ignacioborrego.com\/wp-content\/uploads\/2015\/03\/Ignacio-Borrego-225x300.jpg 225w, https:\/\/ignacioborrego.com\/wp-content\/uploads\/2015\/03\/Ignacio-Borrego.jpg 664w\" sizes=\"(max-width: 225px) 100vw, 225px\" \/><\/p>\n<p style=\"text-align: justify;\">Ignacio Borrego\u00a0G\u00f3mez-Pallete es doctor arquitecto. Nacido en Madrid, y titulado en 2000 en\u00a0la\u00a0Escuela T\u00e9cnica Superior de Arquitectura de Madrid\u00a0con <strong>Premio Extraordinario<\/strong> (UPM), y\u00a0<strong>Primer Premio Nacional de Fin de Carrera<\/strong> 2000 (Ministerio de Educaci\u00f3n).<\/p>\n<p style=\"text-align: justify;\">Su tesis, dirigida\u00a0por Federico Soriano, cuyo t\u00edtulo es \u201cMateria Informada. Deformaci\u00f3n, conformaci\u00f3n y codificaci\u00f3n, los tres procedimientos de almacenamiento de informaci\u00f3n en la materia\u201d ha\u00a0obtenido sobresaliente cum laude por la Universidad Polit\u00e9cnica de Madrid en 2012, y el <strong>Primer\u00a0Premio en la X convocatoria del Concurso de Tesis de la Fundaci\u00f3n Arquia<\/strong>.<\/p>\n<p style=\"text-align: justify;\">Cofundador de <strong>dosmasuno\u00a0 arquitectos<\/strong>\u00a0en 2003 junto con N\u00e9stor Montenegro\u00a0y\u00a0Lina Toro, e\u00a0<strong>Ignacio Borrego Arquitectos<\/strong> desde 2014. Ha obtenido 36 premios y distinciones nacionales e\u00a0internacionales, y ha sido codirector la revista Arquitectos\u00a0 (Consejo Superior de Colegios de\u00a0Arquitectos de Espa\u00f1a-CSCAE) desde 2006\u00a0hasta 2012.<\/p>\n<p style=\"text-align: justify;\">En 2016 es nombrado <strong>catedr\u00e1tico vitalicio en la Technische Universit\u00e4t Berlin<\/strong>, dirigiendo el\u00a0departamento Architekturdarstellung und Gestaltung (Representaci\u00f3n arquitect\u00f3nica y dise\u00f1o) y el <strong>CoLab\/Berl\u00edn<\/strong> como espacio de investigaci\u00f3n conectado con el <strong>CoLaboratorio<\/strong>,\u00a0fundado en Madrid en 2009, junto con Almudena Ribot, Javier G\u00aa-Germ\u00e1n y Diego G\u00aa-Seti\u00e9n.<\/p>\n<p>&nbsp;<\/p>\n<p><a href=\"http:\/\/ignacioborrego.com\/wp-content\/uploads\/2017\/09\/170926-CV-ignacio-borrego-ESP.pdf\">CV Ignacio Borrego<\/a><\/p>","protected":false},"excerpt":{"rendered":"<p>Ignacio Borrego\u00a0G\u00f3mez-Pallete es doctor arquitecto. Nacido en Madrid, y titulado en 2000 en\u00a0la\u00a0Escuela T\u00e9cnica Superior de Arquitectura de Madrid\u00a0con Premio Extraordinario (UPM), y\u00a0Primer Premio Nacional de Fin de Carrera 2000 (Ministerio de Educaci\u00f3n). Su tesis, dirigida\u00a0por Federico Soriano, cuyo t\u00edtulo es \u201cMateria Informada. Deformaci\u00f3n, conformaci\u00f3n y codificaci\u00f3n, los tres procedimientos de almacenamiento de informaci\u00f3n en [&hellip;]<\/p>\n","protected":false},"author":1,"featured_media":0,"parent":51,"menu_order":0,"comment_status":"open","ping_status":"open","template":"","meta":[],"yoast_head":"<!-- This site is optimized with the Yoast SEO plugin v15.9.2 - https:\/\/yoast.com\/wordpress\/plugins\/seo\/ -->\n<title>IGNACIO BORREGO<\/title>\n<meta name=\"description\" content=\"[:es]IGNACIO BORREGO[:]\" \/>\n<meta name=\"robots\" content=\"index, follow, max-snippet:-1, max-image-preview:large, max-video-preview:-1\" \/>\n<link rel=\"canonical\" href=\"http:\/\/ignacioborrego.com\/estudio\/ignacio-borrego\/\" \/>\n<meta property=\"og:locale\" content=\"es_ES\" \/>\n<meta property=\"og:type\" content=\"article\" \/>\n<meta property=\"og:title\" content=\"[:es]IGNACIO BORREGO[:]\" \/>\n<meta property=\"og:description\" content=\"[:es]IGNACIO BORREGO[:]\" \/>\n<meta property=\"og:url\" content=\"http:\/\/ignacioborrego.com\/estudio\/ignacio-borrego\/\" \/>\n<meta property=\"og:site_name\" content=\"IGNACIO BORREGO\" \/>\n<meta property=\"article:modified_time\" content=\"2023-02-09T15:23:56+00:00\" \/>\n<meta property=\"og:image\" content=\"http:\/\/ignacioborrego.com\/wp-content\/uploads\/2015\/03\/Ignacio-Borrego-225x300.jpg\" \/>\n<meta name=\"twitter:label1\" content=\"Tiempo de lectura\">\n\t<meta name=\"twitter:data1\" content=\"3 minutos\">\n<script type=\"application\/ld+json\" class=\"yoast-schema-graph\">{\"@context\":\"https:\/\/schema.org\",\"@graph\":[{\"@type\":\"WebSite\",\"@id\":\"http:\/\/ignacioborrego.com\/#website\",\"url\":\"http:\/\/ignacioborrego.com\/\",\"name\":\"IGNACIO BORREGO\",\"description\":\"\",\"potentialAction\":[{\"@type\":\"SearchAction\",\"target\":\"http:\/\/ignacioborrego.com\/?s={search_term_string}\",\"query-input\":\"required name=search_term_string\"}],\"inLanguage\":\"es\"},{\"@type\":\"ImageObject\",\"@id\":\"http:\/\/ignacioborrego.com\/estudio\/ignacio-borrego\/#primaryimage\",\"inLanguage\":\"es\",\"url\":\"http:\/\/ignacioborrego.com\/wp-content\/uploads\/2015\/03\/Ignacio-Borrego-225x300.jpg\"},{\"@type\":\"WebPage\",\"@id\":\"http:\/\/ignacioborrego.com\/estudio\/ignacio-borrego\/#webpage\",\"url\":\"http:\/\/ignacioborrego.com\/estudio\/ignacio-borrego\/\",\"name\":\"[:es]IGNACIO BORREGO[:]\",\"isPartOf\":{\"@id\":\"http:\/\/ignacioborrego.com\/#website\"},\"primaryImageOfPage\":{\"@id\":\"http:\/\/ignacioborrego.com\/estudio\/ignacio-borrego\/#primaryimage\"},\"datePublished\":\"2015-03-03T17:54:11+00:00\",\"dateModified\":\"2023-02-09T15:23:56+00:00\",\"description\":\"[:es]IGNACIO BORREGO[:]\",\"breadcrumb\":{\"@id\":\"http:\/\/ignacioborrego.com\/estudio\/ignacio-borrego\/#breadcrumb\"},\"inLanguage\":\"es\",\"potentialAction\":[{\"@type\":\"ReadAction\",\"target\":[\"http:\/\/ignacioborrego.com\/estudio\/ignacio-borrego\/\"]}]},{\"@type\":\"BreadcrumbList\",\"@id\":\"http:\/\/ignacioborrego.com\/estudio\/ignacio-borrego\/#breadcrumb\",\"itemListElement\":[{\"@type\":\"ListItem\",\"position\":1,\"item\":{\"@type\":\"WebPage\",\"@id\":\"http:\/\/ignacioborrego.com\/\",\"url\":\"http:\/\/ignacioborrego.com\/\",\"name\":\"Portada\"}},{\"@type\":\"ListItem\",\"position\":2,\"item\":{\"@type\":\"WebPage\",\"@id\":\"http:\/\/ignacioborrego.com\/estudio\/\",\"url\":\"http:\/\/ignacioborrego.com\/estudio\/\",\"name\":\"ESTUDIO\"}},{\"@type\":\"ListItem\",\"position\":3,\"item\":{\"@type\":\"WebPage\",\"@id\":\"http:\/\/ignacioborrego.com\/estudio\/ignacio-borrego\/\",\"url\":\"http:\/\/ignacioborrego.com\/estudio\/ignacio-borrego\/\",\"name\":\"IGNACIO BORREGO\"}}]}]}<\/script>\n<!-- \/ Yoast SEO plugin. -->","_links":{"self":[{"href":"https:\/\/ignacioborrego.com\/es\/wp-json\/wp\/v2\/pages\/53"}],"collection":[{"href":"https:\/\/ignacioborrego.com\/es\/wp-json\/wp\/v2\/pages"}],"about":[{"href":"https:\/\/ignacioborrego.com\/es\/wp-json\/wp\/v2\/types\/page"}],"author":[{"embeddable":true,"href":"https:\/\/ignacioborrego.com\/es\/wp-json\/wp\/v2\/users\/1"}],"replies":[{"embeddable":true,"href":"https:\/\/ignacioborrego.com\/es\/wp-json\/wp\/v2\/comments?post=53"}],"version-history":[{"count":39,"href":"https:\/\/ignacioborrego.com\/es\/wp-json\/wp\/v2\/pages\/53\/revisions"}],"predecessor-version":[{"id":44511,"href":"https:\/\/ignacioborrego.com\/es\/wp-json\/wp\/v2\/pages\/53\/revisions\/44511"}],"up":[{"embeddable":true,"href":"https:\/\/ignacioborrego.com\/es\/wp-json\/wp\/v2\/pages\/51"}],"wp:attachment":[{"href":"https:\/\/ignacioborrego.com\/es\/wp-json\/wp\/v2\/media?parent=53"}],"curies":[{"name":"wp","href":"https:\/\/api.w.org\/{rel}","templated":true}]}}