{"id":57,"date":"2015-03-03T17:54:29","date_gmt":"2015-03-03T17:54:29","guid":{"rendered":"http:\/\/ignacioborrego.com\/?page_id=57"},"modified":"2026-04-09T15:44:36","modified_gmt":"2026-04-09T15:44:36","slug":"colaboradores","status":"publish","type":"page","link":"https:\/\/ignacioborrego.com\/es\/estudio\/colaboradores\/","title":{"rendered":"COLABORADORES"},"content":{"rendered":"<h4><\/h4>\n<h4><span style=\"color: #000000;\">COLABORADORES<\/span><\/h4>\n<h5><span style=\"color: #000000;\"><strong>Desde 2014 &#8211; \u00a0<\/strong><\/span>Ignacio Borrego Arquitectos<\/h5>\n<p>Alejandro de Miguel, Gabriela Barrera, M\u00f3nica Gaspar, Aleksandra \u0141opuszy\u0144ska, Mateusz Stawarski, C\u00e9sar Plata, Alba Santano, Lukasz Uminski, MattiaFranceschini, Lourdes G\u00f3mez, Adelaida Jord\u00e1n, Pilar Bola\u00f1os, Mariluz Maqueda, Alice Concas, Liping Ke, Marta G.Soler, Matteo Urpi, Jorge Tor\u00e1n, Pablo Fern\u00e1ndez, S\u00e1lvora Feliz, Sof\u00eda Pacheco, Monica Di Salvo, Silvana Paparella, \u00c1lvaro Sevilla, Rub\u00e9n Gayarre, Chiara Pellegrinelli, Martina Casagrande, Enrico Filippi, Pauline de Vathaire, Francesca Piva<\/p>\n<h5><span style=\"color: #000000;\"><strong>2003-2013 &#8211; \u00a0dosmasuno arquitectos\u00a0(Ignacio Borrego, N\u00e9stor Montenegro y Lina Toro)<\/strong><\/span><\/h5>\n<p><span style=\"color: #000000;\">Claudia Cardoso, Robert Ochsenfart, Paula Garc\u00eda-Masedo, Carlota Guill\u00e9n, David Wall, Laurent Serpe, Borja G\u00f3mez, Daniel Ruiz, Alberto Rey, Ana Pereira, Jean Baptiste Barbet, Bego\u00f1a de Abajo, Qianyi Lim, Paula Raimundez, Jer\u00f3nimo van Schendel, Carlos Ramos, Aurelie Dufourg, Marta Rodr\u00edguez, S\u00e1lvora Feliz, Angelo Mastromarini, Marius Ege, Marko Licen, Teresa Rodr\u00edguez, Marie Persson, Milan Radivojevic, Francesco Casella, Louise Morris.<\/span><\/p>\n","protected":false},"excerpt":{"rendered":"<p>COLABORADORES Desde 2014 &#8211; \u00a0Ignacio Borrego Arquitectos Alejandro de Miguel, Gabriela Barrera, M\u00f3nica Gaspar, Aleksandra \u0141opuszy\u0144ska, Mateusz Stawarski, C\u00e9sar Plata, Alba Santano, Lukasz Uminski, MattiaFranceschini, Lourdes G\u00f3mez, Adelaida Jord\u00e1n, Pilar Bola\u00f1os, Mariluz Maqueda, Alice Concas, Liping Ke, Marta G.Soler, Matteo Urpi, Jorge Tor\u00e1n, Pablo Fern\u00e1ndez, S\u00e1lvora Feliz, Sof\u00eda Pacheco, Monica Di Salvo, Silvana Paparella, \u00c1lvaro [&hellip;]<\/p>\n","protected":false},"author":1,"featured_media":0,"parent":51,"menu_order":0,"comment_status":"open","ping_status":"closed","template":"","meta":[],"yoast_head":"<!-- This site is optimized with the Yoast SEO plugin v15.9.2 - https:\/\/yoast.com\/wordpress\/plugins\/seo\/ -->\n<title>COLABORADORES IGNACIO BORREGO -<\/title>\n<meta name=\"description\" content=\"COLABORADORES IGNACIO BORREGO: Gran selecci\u00f3n de arquitectos colaboradores desde 2014 en el estudio Ignacio Borrego Arquitectos y desde 2003 en dosmasuno.\" \/>\n<meta name=\"robots\" content=\"index, follow, max-snippet:-1, max-image-preview:large, max-video-preview:-1\" \/>\n<link rel=\"canonical\" href=\"http:\/\/ignacioborrego.com\/estudio\/colaboradores\/\" \/>\n<meta property=\"og:locale\" content=\"es_ES\" \/>\n<meta property=\"og:type\" content=\"article\" \/>\n<meta property=\"og:title\" content=\"COLABORADORES IGNACIO BORREGO -\" \/>\n<meta property=\"og:description\" content=\"COLABORADORES IGNACIO BORREGO: Gran selecci\u00f3n de arquitectos colaboradores desde 2014 en el estudio Ignacio Borrego Arquitectos y desde 2003 en dosmasuno.\" \/>\n<meta property=\"og:url\" content=\"http:\/\/ignacioborrego.com\/estudio\/colaboradores\/\" \/>\n<meta property=\"og:site_name\" content=\"IGNACIO BORREGO\" \/>\n<meta property=\"article:modified_time\" content=\"2026-04-09T15:44:36+00:00\" \/>\n<meta name=\"twitter:label1\" content=\"Tiempo de lectura\">\n\t<meta name=\"twitter:data1\" content=\"1 minuto\">\n<script type=\"application\/ld+json\" class=\"yoast-schema-graph\">{\"@context\":\"https:\/\/schema.org\",\"@graph\":[{\"@type\":\"WebSite\",\"@id\":\"http:\/\/ignacioborrego.com\/#website\",\"url\":\"http:\/\/ignacioborrego.com\/\",\"name\":\"IGNACIO BORREGO\",\"description\":\"\",\"potentialAction\":[{\"@type\":\"SearchAction\",\"target\":\"http:\/\/ignacioborrego.com\/?s={search_term_string}\",\"query-input\":\"required name=search_term_string\"}],\"inLanguage\":\"es\"},{\"@type\":\"WebPage\",\"@id\":\"http:\/\/ignacioborrego.com\/estudio\/colaboradores\/#webpage\",\"url\":\"http:\/\/ignacioborrego.com\/estudio\/colaboradores\/\",\"name\":\"COLABORADORES IGNACIO BORREGO -\",\"isPartOf\":{\"@id\":\"http:\/\/ignacioborrego.com\/#website\"},\"datePublished\":\"2015-03-03T17:54:29+00:00\",\"dateModified\":\"2026-04-09T15:44:36+00:00\",\"description\":\"COLABORADORES IGNACIO BORREGO: Gran selecci\\u00f3n de arquitectos colaboradores desde 2014 en el estudio Ignacio Borrego Arquitectos y desde 2003 en dosmasuno.\",\"breadcrumb\":{\"@id\":\"http:\/\/ignacioborrego.com\/estudio\/colaboradores\/#breadcrumb\"},\"inLanguage\":\"es\",\"potentialAction\":[{\"@type\":\"ReadAction\",\"target\":[\"http:\/\/ignacioborrego.com\/estudio\/colaboradores\/\"]}]},{\"@type\":\"BreadcrumbList\",\"@id\":\"http:\/\/ignacioborrego.com\/estudio\/colaboradores\/#breadcrumb\",\"itemListElement\":[{\"@type\":\"ListItem\",\"position\":1,\"item\":{\"@type\":\"WebPage\",\"@id\":\"http:\/\/ignacioborrego.com\/\",\"url\":\"http:\/\/ignacioborrego.com\/\",\"name\":\"Portada\"}},{\"@type\":\"ListItem\",\"position\":2,\"item\":{\"@type\":\"WebPage\",\"@id\":\"http:\/\/ignacioborrego.com\/estudio\/\",\"url\":\"http:\/\/ignacioborrego.com\/estudio\/\",\"name\":\"ESTUDIO\"}},{\"@type\":\"ListItem\",\"position\":3,\"item\":{\"@type\":\"WebPage\",\"@id\":\"http:\/\/ignacioborrego.com\/estudio\/colaboradores\/\",\"url\":\"http:\/\/ignacioborrego.com\/estudio\/colaboradores\/\",\"name\":\"COLABORADORES\"}}]}]}<\/script>\n<!-- \/ Yoast SEO plugin. -->","_links":{"self":[{"href":"https:\/\/ignacioborrego.com\/es\/wp-json\/wp\/v2\/pages\/57"}],"collection":[{"href":"https:\/\/ignacioborrego.com\/es\/wp-json\/wp\/v2\/pages"}],"about":[{"href":"https:\/\/ignacioborrego.com\/es\/wp-json\/wp\/v2\/types\/page"}],"author":[{"embeddable":true,"href":"https:\/\/ignacioborrego.com\/es\/wp-json\/wp\/v2\/users\/1"}],"replies":[{"embeddable":true,"href":"https:\/\/ignacioborrego.com\/es\/wp-json\/wp\/v2\/comments?post=57"}],"version-history":[{"count":48,"href":"https:\/\/ignacioborrego.com\/es\/wp-json\/wp\/v2\/pages\/57\/revisions"}],"predecessor-version":[{"id":44871,"href":"https:\/\/ignacioborrego.com\/es\/wp-json\/wp\/v2\/pages\/57\/revisions\/44871"}],"up":[{"embeddable":true,"href":"https:\/\/ignacioborrego.com\/es\/wp-json\/wp\/v2\/pages\/51"}],"wp:attachment":[{"href":"https:\/\/ignacioborrego.com\/es\/wp-json\/wp\/v2\/media?parent=57"}],"curies":[{"name":"wp","href":"https:\/\/api.w.org\/{rel}","templated":true}]}}